{"id":509,"date":"2023-03-04T18:11:42","date_gmt":"2023-03-04T18:11:42","guid":{"rendered":"https:\/\/winkens.eu\/?page_id=509"},"modified":"2023-03-05T20:54:31","modified_gmt":"2023-03-05T19:54:31","slug":"weerwolf-sweijkhuizen","status":"publish","type":"page","link":"https:\/\/winkens.eu\/index.php\/weerwolf-sweijkhuizen\/","title":{"rendered":"Weerwolf Sweijkhuizen"},"content":{"rendered":"\n<h2 class=\"wp-block-heading\">De weerwolf van Sweykhuizen<\/h2>\n\n\n\n<p>Het was in de winter van het jaar onzes Heren 1887, dat de Heer wonderlijke gebeurtelijkheden toeliet in het stille dorpje Sweykhuizen.<\/p>\n\n\n\n<p>Na een verzengende zomer die een schrale oogst had voortgebracht, was de herfst gevolgd met weldra kil en stormachtig weer. Menige boer die in de deemster van de kanten van Puth terugkeerde, had in de beemden bij Terborg de vuurbol zien dansen, zodat hij het op een lopen zette; en gewoonlijk bekwam hij eerst van zijn schrik, als hij bij den Sjaak dicht bij de kerk enige \u2018\u00ealskes\u201d naar binnen had gewipt. Ja, bij den Sjaak, daar kwamen nu de tongen los: verhalen over zelf beleefde gebeurtenissen en \u201cmie vader z\u00eaeliger vert\u00e8lde mich ins\u2026\u201d\u201d<\/p>\n\n\n\n<p>Wat het deze winter moest worden, de boeren van Sweykhuizen wisten het niet. En wat erger was, Sj\u00eaer \u201cKr\u00f6ppel\u201d, die ondanks zijn mank been en zijn zevenenzestig jaar iedere avond bij den Sjaak was om te \u201ckoajonge\u201d, wist het ook niet. En Sjaak had ervaring, v\u00e8\u00e8l ervaring in allerlei vreemde dingen. Hij had het ook in 1846 meegemaakt, dat met Sint \u2018M\u00earte\u201d de sneeuw een halve voet hoog lag; maar dat diezelfde sneeuw een week na \u201cSinterkloas\u201d nog onder hun voeten kraakte en de wind reeds drie weken pal oost zat, nee, daar kon hij enkel zijn hoofd een van schudden en een wijs tja, tja mompelen. En nu was dat gevaarlijke, dat dreigende van die weerwolf nog bij gekomen\u2026<\/p>\n\n\n\n<p>Een ongewone sfeer hing in de \u2018kaffee\u2019 van den Sjaak: anders luide uitroepen, vergezeld van klinkende vuistslagen op de eiken tafel, en nu, nu zaten de boeren dicht bijeen, in spanning zich overbuigend naar de oude Sj\u00eaer \u201cKr\u00f6ppel\u201d:&#8230;of P\u00eaerke \u201cde k\u00f6ster\u201d, zo ondervroeg deze, terstond toen het gebeurde, ook wel buiten was gaan kijken?<\/p>\n\n\n\n<p>P\u00eaerke, met een ruk overeind komend, vertelde dat hij bij het horen van die wilde schaterlach voor zijn deur, onmiddellijk naar buiten was gerend, en dat hij in het licht van de maan nog een glimp van een wegvluchtende grote wolfshond had kunnen opvangen. Een gebaar hoog in de lucht verduidelijkte, hoe groot die gedaante wel geweest was\u2026 Toen moest de \u201csjraopstaoker\u201d nog eens verhalen, wat hem precies een week geleden overkomen was. Met gedempte stem vertelde deze, hoe de weerwolf hem ter hoogte van de \u201cBeese\u201d op de rug gesprongen was en hij hem tot halverwege de berg naar boven had moeten dragen; daar was de weerwolf opeens met een ijselijke lach van hem afgesprongen, de greppel in; thuis had Silke, zijn vrouw, wel een kwartier lang werk gehad om de roodbruine, lange haren uit zijn jekker te pluizen\u2026<\/p>\n\n\n\n<p>Na dit relaas nam Sj\u00eaer \u201cKr\u00f6ppel\u201d weer het woord, zorgvuldig afwegend achter diepe rimpels van zijn verweerd voorhoofd, wat er te zeggen viel van zulke bovenmenselijke dingen: \u201cmannen ik weet maar \u00e9\u00e9n raad, maar het is raad die ik van vader zaliger heb: wie verlost wil worden van de weerwolf, moet hem bloed doen laten, daar waar hij gedoopt is\u201d\u2026<\/p>\n\n\n\n<p>Eerst \u2019s avonds laat, toen menig glaasje geledigd en ieders hart weer licht van zin geworden was, gingen de boeren naar huis, in groepjes van twee \u00e0 drie man, vastbesloten de weerwolf te houden als hij hen besprong en hem bloed te doen laten, daar waar hij gedoopt is.<\/p>\n\n\n\n<p>\u2019s Anderendaags was er toch nog iemand die zich \u2019s avonds buiten het dorp waagde. Het was Tis \u2018de sjmeed\u2019\u2019, Tis \u2018\u2019den iezeren l\u00eaev\u201d genaamd, omdat hij bekend stond als de sterkste man van heel het dorp. Pochend had hij tegen zijn vrouw gezegd dat de weerwolf hem wel met rust zou laten; hij was voor de duvel nog niet bang; hij ging nog even naar de \u2018\u2019Beese\u201d, en met een luide groet: Salu An! Verdween hij door de deuropening in de duistere avond. Hu, wat was het venijnig koud. Onbehaaglijk dook hij weg in de hoge kraag van zijn duffelse jas. Het was toch niet zo donker als hij gedacht had. Dat kwam misschien wel door het lichten van het witte sneeuwdek, nu de maan nog niet op was\u2026 Ha, ha de boer van de \u201cBeese\u201d zou er wel van op kijken, dat hij door de donkere avond naar hem toe durfde komen, de berg af, waar geen boerenwoningen meer staan, tot aan de Geleenbeek\u2026 Dat gepraat ook over die verdoemde weerw\u2026<\/p>\n\n\n\n<p>Opeens: een korte grom aan zijn linkeroor en twee klauwen graven zich ter hoogte van zijn borst in de duffelse jas. Een verschroeiende adem die naar solfer ruikt, jaagt langs zijn gezicht. Dus toch: de weerwolf\u2026 Het bloed trekt uit zijn aderen weg; hij wankelt. Maar plots schieten hem de woorden van de oude Sj\u00eaer \u201cKr\u00f6ppel\u201d te binnen: \u2018Wie verlost wil worden van de weerwolf, moet hem bloed doen laten, daar waar hij gedoopt is.\u201d En zich herstellend, spant hij zijn spieren, alsof hij een meesterslag op het hoofd van Jut moet plaatsen. Dan slaat hij zijn machtige armen om de klauwen , die zwaar drukken op zijn borstkas, en zo de weerwolf in zijn greep houdend, rent hij uit alle macht terug, de berg op\u2026 Daar is hij al de eerste woning genaderd. Maar steeds feller rukt en klauwt de weerwolf. Tis voelt dat de klauwen van het ondier zijn rug openrijten, alsof de tanden van een eg er zich een weg door woelen. Ha, ginds ziet hij het lichtschijnsel over de weg van Sjaak \u2018ziene kaffee\u201d. Auww\u2026 Een woeste houw in zijn zijde en van pijn moet hij de rechterpoot loslaten\u2026 Nog een pas of dertig, flitst het door zijn hoofd, en dan ben ik bij den Sjaak, bij de weerbare mannen. Met een laatste geweldige krachtsinspanning weet hij de wild heen en weer slaande poot weer te grijpen. De hete adem van het hijgende ondier verstikt hem haast maar verbeten rent hij voort in de richting van de \u201ckaffee\u201d\u2026 Met een zware bons loopt hij tegen de deur aan, die van de schok uit het slot springt. \u201cDe weerwolf\u2026\u201d is het enige wat hij uit kan brengen\u2026 Het eerts springt het rappe P\u00eaerke toe, het flikkerende mes hoog in zijn hand. Met \u00e9\u00e9n houw wondt hij het monster dwars over de kop: een golf dik bloed kleurt de lange haren donkerrood\u2026 Opeens valt de ruige wolfsvacht met een zwaar geruis voor hun voeten op de grond., en \u2026 Wie staat daar met fonkelende ogen in hun midden?&#8230; De knecht van de \u201cBeese\u201d. Maar drie snelle passen in de richting van de deuropening, en eer zij van hun ontsteltenis bekomen zijn, was hij verdwenen en met hem : de weerwolf van Sweykhuizen.<\/p>\n\n\n\n<p>Volksverhalen uit Nederlands Limburg, Willem de Bl\u00e9court. Oorspronkelijke bron: Zef de Gelaendenaer in Frankenland jrg. 1, no. 5 (1944), pp. 139-140<\/p>\n\n\n\n<div class=\"wp-block-buttons is-layout-flex wp-block-buttons-is-layout-flex\">\n<div class=\"wp-block-button\"><a class=\"wp-block-button__link wp-element-button\" href=\"https:\/\/winkens.eu\/index.php\/sweijkhuizen-sagen\/\">Terug<\/a><\/div>\n<\/div>\n","protected":false},"excerpt":{"rendered":"<p>De weerwolf van Sweykhuizen Het was in de winter van het jaar onzes Heren 1887, dat de Heer wonderlijke gebeurtelijkheden toeliet in het stille dorpje Sweykhuizen. Na een verzengende zomer die een schrale oogst had voortgebracht, was de herfst gevolgd met weldra kil en stormachtig weer. Menige boer die in de deemster van de kanten [&hellip;]<\/p>\n","protected":false},"author":1,"featured_media":0,"parent":0,"menu_order":0,"comment_status":"closed","ping_status":"closed","template":"","meta":{"footnotes":""},"class_list":["post-509","page","type-page","status-publish","hentry"],"_links":{"self":[{"href":"https:\/\/winkens.eu\/index.php\/wp-json\/wp\/v2\/pages\/509","targetHints":{"allow":["GET"]}}],"collection":[{"href":"https:\/\/winkens.eu\/index.php\/wp-json\/wp\/v2\/pages"}],"about":[{"href":"https:\/\/winkens.eu\/index.php\/wp-json\/wp\/v2\/types\/page"}],"author":[{"embeddable":true,"href":"https:\/\/winkens.eu\/index.php\/wp-json\/wp\/v2\/users\/1"}],"replies":[{"embeddable":true,"href":"https:\/\/winkens.eu\/index.php\/wp-json\/wp\/v2\/comments?post=509"}],"version-history":[{"count":2,"href":"https:\/\/winkens.eu\/index.php\/wp-json\/wp\/v2\/pages\/509\/revisions"}],"predecessor-version":[{"id":701,"href":"https:\/\/winkens.eu\/index.php\/wp-json\/wp\/v2\/pages\/509\/revisions\/701"}],"wp:attachment":[{"href":"https:\/\/winkens.eu\/index.php\/wp-json\/wp\/v2\/media?parent=509"}],"curies":[{"name":"wp","href":"https:\/\/api.w.org\/{rel}","templated":true}]}}